{"id":866,"date":"2023-09-10T12:20:36","date_gmt":"2023-09-10T12:20:36","guid":{"rendered":"http:\/\/globalcaredevelopment.com\/blog\/"},"modified":"2024-10-18T18:30:50","modified_gmt":"2024-10-18T18:30:50","slug":"blog","status":"publish","type":"page","link":"https:\/\/globalcaredevelopment.com\/no\/blog\/","title":{"rendered":"Artikler"},"content":{"rendered":"\t\t<div data-elementor-type=\"wp-page\" data-elementor-id=\"866\" class=\"elementor elementor-866 elementor-183\" data-elementor-post-type=\"page\">\n\t\t\t\t\t\t<section class=\"elementor-section elementor-top-section elementor-element elementor-element-51583ca elementor-reverse-tablet elementor-reverse-mobile elementor-section-boxed elementor-section-height-default elementor-section-height-default\" data-id=\"51583ca\" data-element_type=\"section\" data-e-type=\"section\" data-settings=\"{&quot;background_background&quot;:&quot;classic&quot;}\">\n\t\t\t\t\t\t<div class=\"elementor-container elementor-column-gap-default\">\n\t\t\t\t\t<div class=\"elementor-column elementor-col-100 elementor-top-column elementor-element elementor-element-eb4bc7c\" data-id=\"eb4bc7c\" data-element_type=\"column\" data-e-type=\"column\">\n\t\t\t<div class=\"elementor-widget-wrap elementor-element-populated\">\n\t\t\t\t\t\t<section class=\"elementor-section elementor-inner-section elementor-element elementor-element-8096747 elementor-section-boxed elementor-section-height-default elementor-section-height-default\" data-id=\"8096747\" data-element_type=\"section\" data-e-type=\"section\">\n\t\t\t\t\t\t<div class=\"elementor-container elementor-column-gap-default\">\n\t\t\t\t\t<div class=\"elementor-column elementor-col-50 elementor-inner-column elementor-element elementor-element-ea83690\" data-id=\"ea83690\" data-element_type=\"column\" data-e-type=\"column\">\n\t\t\t<div class=\"elementor-widget-wrap elementor-element-populated\">\n\t\t\t\t\t\t<div class=\"elementor-element elementor-element-83a129d elementor-invisible elementor-widget elementor-widget-heading\" data-id=\"83a129d\" data-element_type=\"widget\" data-e-type=\"widget\" data-settings=\"{&quot;_animation&quot;:&quot;fadeIn&quot;,&quot;_animation_delay&quot;:300}\" data-widget_type=\"heading.default\">\n\t\t\t\t<div class=\"elementor-widget-container\">\n\t\t\t\t\t<h2 class=\"elementor-heading-title elementor-size-default\">Blogger<\/h2>\t\t\t\t<\/div>\n\t\t\t\t<\/div>\n\t\t\t\t<div class=\"elementor-element elementor-element-b23ae7b elementor-invisible elementor-widget elementor-widget-heading\" data-id=\"b23ae7b\" data-element_type=\"widget\" data-e-type=\"widget\" data-settings=\"{&quot;_animation&quot;:&quot;fadeIn&quot;,&quot;_animation_delay&quot;:450}\" data-widget_type=\"heading.default\">\n\t\t\t\t<div class=\"elementor-widget-container\">\n\t\t\t\t\t<h2 class=\"elementor-heading-title elementor-size-default\">Nyheter og <span class=\"color\">innsikt<\/span><\/h2>\t\t\t\t<\/div>\n\t\t\t\t<\/div>\n\t\t\t\t\t<\/div>\n\t\t<\/div>\n\t\t\t\t<div class=\"elementor-column elementor-col-50 elementor-inner-column elementor-element elementor-element-ae13793 elementor-hidden-tablet elementor-hidden-mobile\" data-id=\"ae13793\" data-element_type=\"column\" data-e-type=\"column\">\n\t\t\t<div class=\"elementor-widget-wrap elementor-element-populated\">\n\t\t\t\t\t\t<div class=\"elementor-element elementor-element-2ffcee6 elementor-align-right elementor-invisible elementor-widget elementor-widget-button\" data-id=\"2ffcee6\" data-element_type=\"widget\" data-e-type=\"widget\" data-settings=\"{&quot;_animation&quot;:&quot;fadeInUp&quot;,&quot;_animation_delay&quot;:450}\" data-widget_type=\"button.default\">\n\t\t\t\t<div class=\"elementor-widget-container\">\n\t\t\t\t\t\t\t\t\t<div class=\"elementor-button-wrapper\">\n\t\t\t\t\t<a class=\"elementor-button elementor-button-link elementor-size-md\" href=\"http:\/\/globalcaredevelopment.com\/no\/product\/\">\n\t\t\t\t\t\t<span class=\"elementor-button-content-wrapper\">\n\t\t\t\t\t\t\t\t\t<span class=\"elementor-button-text\">V\u00e5rt produkt<\/span>\n\t\t\t\t\t<\/span>\n\t\t\t\t\t<\/a>\n\t\t\t\t<\/div>\n\t\t\t\t\t\t\t\t<\/div>\n\t\t\t\t<\/div>\n\t\t\t\t\t<\/div>\n\t\t<\/div>\n\t\t\t\t\t<\/div>\n\t\t<\/section>\n\t\t\t\t<section class=\"elementor-section elementor-inner-section elementor-element elementor-element-955e722 elementor-reverse-tablet elementor-reverse-mobile elementor-section-boxed elementor-section-height-default elementor-section-height-default\" data-id=\"955e722\" data-element_type=\"section\" data-e-type=\"section\">\n\t\t\t\t\t\t<div class=\"elementor-container elementor-column-gap-default\">\n\t\t\t\t\t<div class=\"elementor-column elementor-col-100 elementor-inner-column elementor-element elementor-element-f4985a9\" data-id=\"f4985a9\" data-element_type=\"column\" data-e-type=\"column\">\n\t\t\t<div class=\"elementor-widget-wrap elementor-element-populated\">\n\t\t\t\t\t\t<div class=\"elementor-element elementor-element-9ec838a elementor-grid-tablet-1 elementor-grid-3 elementor-grid-mobile-1 elementor-posts--thumbnail-top elementor-invisible elementor-widget elementor-widget-posts\" data-id=\"9ec838a\" data-element_type=\"widget\" data-e-type=\"widget\" data-settings=\"{&quot;classic_columns_tablet&quot;:&quot;1&quot;,&quot;classic_row_gap&quot;:{&quot;unit&quot;:&quot;px&quot;,&quot;size&quot;:28,&quot;sizes&quot;:[]},&quot;_animation&quot;:&quot;fadeIn&quot;,&quot;_animation_delay&quot;:600,&quot;classic_columns&quot;:&quot;3&quot;,&quot;classic_columns_mobile&quot;:&quot;1&quot;,&quot;classic_row_gap_tablet&quot;:{&quot;unit&quot;:&quot;px&quot;,&quot;size&quot;:&quot;&quot;,&quot;sizes&quot;:[]},&quot;classic_row_gap_mobile&quot;:{&quot;unit&quot;:&quot;px&quot;,&quot;size&quot;:&quot;&quot;,&quot;sizes&quot;:[]}}\" data-widget_type=\"posts.classic\">\n\t\t\t\t<div class=\"elementor-widget-container\">\n\t\t\t\t\t\t\t<div class=\"elementor-posts-container elementor-posts elementor-posts--skin-classic elementor-grid\" role=\"list\">\n\t\t\t\t<article class=\"elementor-post elementor-grid-item post-1581 post type-post status-publish format-standard hentry category-uncategorized-no entry\" role=\"listitem\">\n\t\t\t\t<div class=\"elementor-post__text\">\n\t\t\t\t<h3 class=\"elementor-post__title\">\n\t\t\t<a href=\"https:\/\/globalcaredevelopment.com\/no\/podcast-1-daniel-spiro\/\" >\n\t\t\t\tPodcast #1 Daniel Spiro\t\t\t<\/a>\n\t\t<\/h3>\n\t\t\t\t<div class=\"elementor-post__meta-data\">\n\t\t\t\t\t<span class=\"elementor-post-date\">\n\t\t\tnovember 26, 2025\t\t<\/span>\n\t\t\t\t<span class=\"elementor-post-avatar\">\n\t\t\tIngen kommentarer\t\t<\/span>\n\t\t\t\t<\/div>\n\t\t\t\t<div class=\"elementor-post__excerpt\">\n\t\t\t<p>Vi lanserer UD-Podden, og sparker fra med v\u00e5r f\u00f8rste gjest, Daniel Spiro.<\/p>\n\t\t<\/div>\n\t\t\n\t\t<a class=\"elementor-post__read-more\" href=\"https:\/\/globalcaredevelopment.com\/no\/podcast-1-daniel-spiro\/\" aria-label=\"Read more about Podcast #1 Daniel Spiro\" tabindex=\"-1\" >\n\t\t\tLes mer\t\t<\/a>\n\n\t\t\t\t<\/div>\n\t\t\t\t<\/article>\n\t\t\t\t<article class=\"elementor-post elementor-grid-item post-1555 post type-post status-publish format-standard hentry category-uncategorized-no entry\" role=\"listitem\">\n\t\t\t\t<div class=\"elementor-post__text\">\n\t\t\t\t<h3 class=\"elementor-post__title\">\n\t\t\t<a href=\"https:\/\/globalcaredevelopment.com\/no\/vi-utvikler-olsys-et-stort-steg-mot-moderne-laering\/\" >\n\t\t\t\tVi Utvikler OLSys: Et stort steg mot moderne l\u00e6ring.\t\t\t<\/a>\n\t\t<\/h3>\n\t\t\t\t<div class=\"elementor-post__meta-data\">\n\t\t\t\t\t<span class=\"elementor-post-date\">\n\t\t\tjuli 9, 2025\t\t<\/span>\n\t\t\t\t<span class=\"elementor-post-avatar\">\n\t\t\tIngen kommentarer\t\t<\/span>\n\t\t\t\t<\/div>\n\t\t\t\t<div class=\"elementor-post__excerpt\">\n\t\t\t<p>&nbsp; Global Care Development annonserer at vi utvikler OLSys &#8211; en e-kursplattform<\/p>\n\t\t<\/div>\n\t\t\n\t\t<a class=\"elementor-post__read-more\" href=\"https:\/\/globalcaredevelopment.com\/no\/vi-utvikler-olsys-et-stort-steg-mot-moderne-laering\/\" aria-label=\"Read more about Vi Utvikler OLSys: Et stort steg mot moderne l\u00e6ring.\" tabindex=\"-1\" >\n\t\t\tLes mer\t\t<\/a>\n\n\t\t\t\t<\/div>\n\t\t\t\t<\/article>\n\t\t\t\t<article class=\"elementor-post elementor-grid-item post-1129 post type-post status-publish format-standard has-post-thumbnail hentry category-uncategorized-no entry has-media\" role=\"listitem\">\n\t\t\t\t<a class=\"elementor-post__thumbnail__link\" href=\"https:\/\/globalcaredevelopment.com\/no\/var-produktforskning-er-gjennomfort\/\" tabindex=\"-1\" >\n\t\t\t<div class=\"elementor-post__thumbnail\"><img fetchpriority=\"high\" decoding=\"async\" width=\"1420\" height=\"1420\" src=\"https:\/\/globalcaredevelopment.com\/wp-content\/uploads\/2024\/01\/Selfcare-Research.png\" class=\"attachment-full size-full wp-image-1112\" alt=\"\" srcset=\"https:\/\/globalcaredevelopment.com\/wp-content\/uploads\/2024\/01\/Selfcare-Research.png 1420w, https:\/\/globalcaredevelopment.com\/wp-content\/uploads\/2024\/01\/Selfcare-Research-300x300.png 300w, https:\/\/globalcaredevelopment.com\/wp-content\/uploads\/2024\/01\/Selfcare-Research-1024x1024.png 1024w, https:\/\/globalcaredevelopment.com\/wp-content\/uploads\/2024\/01\/Selfcare-Research-150x150.png 150w, https:\/\/globalcaredevelopment.com\/wp-content\/uploads\/2024\/01\/Selfcare-Research-768x768.png 768w, https:\/\/globalcaredevelopment.com\/wp-content\/uploads\/2024\/01\/Selfcare-Research-600x600.png 600w\" sizes=\"(max-width: 1420px) 100vw, 1420px\" \/><\/div>\n\t\t<\/a>\n\t\t\t\t<div class=\"elementor-post__text\">\n\t\t\t\t<h3 class=\"elementor-post__title\">\n\t\t\t<a href=\"https:\/\/globalcaredevelopment.com\/no\/var-produktforskning-er-gjennomfort\/\" >\n\t\t\t\tV\u00e5r Produktforskning er gjennomf\u00f8rt!\t\t\t<\/a>\n\t\t<\/h3>\n\t\t\t\t<div class=\"elementor-post__meta-data\">\n\t\t\t\t\t<span class=\"elementor-post-date\">\n\t\t\tjanuar 26, 2024\t\t<\/span>\n\t\t\t\t<span class=\"elementor-post-avatar\">\n\t\t\tIngen kommentarer\t\t<\/span>\n\t\t\t\t<\/div>\n\t\t\t\t<div class=\"elementor-post__excerpt\">\n\t\t\t<p>Vi kunngj\u00f8rer herved at v\u00e5r produktforskning n\u00e5 er gjennomf\u00f8rt En forenklet versjon<\/p>\n\t\t<\/div>\n\t\t\n\t\t<a class=\"elementor-post__read-more\" href=\"https:\/\/globalcaredevelopment.com\/no\/var-produktforskning-er-gjennomfort\/\" aria-label=\"Read more about V\u00e5r Produktforskning er gjennomf\u00f8rt!\" tabindex=\"-1\" >\n\t\t\tLes mer\t\t<\/a>\n\n\t\t\t\t<\/div>\n\t\t\t\t<\/article>\n\t\t\t\t<article class=\"elementor-post elementor-grid-item post-871 post type-post status-publish format-standard has-post-thumbnail hentry category-uncategorized-no entry has-media\" role=\"listitem\">\n\t\t\t\t<a class=\"elementor-post__thumbnail__link\" href=\"https:\/\/globalcaredevelopment.com\/no\/post-example-2\/\" tabindex=\"-1\" >\n\t\t\t<div class=\"elementor-post__thumbnail\"><img decoding=\"async\" width=\"1279\" height=\"853\" data-src=\"https:\/\/globalcaredevelopment.com\/wp-content\/uploads\/2023\/09\/pexels-andrea-piacquadio-920382.jpg\" class=\"attachment-full size-full wp-image-745 lazyload\" alt=\"\" data-srcset=\"https:\/\/globalcaredevelopment.com\/wp-content\/uploads\/2023\/09\/pexels-andrea-piacquadio-920382.jpg 1279w, https:\/\/globalcaredevelopment.com\/wp-content\/uploads\/2023\/09\/pexels-andrea-piacquadio-920382-600x400.jpg 600w, https:\/\/globalcaredevelopment.com\/wp-content\/uploads\/2023\/09\/pexels-andrea-piacquadio-920382-300x200.jpg 300w, https:\/\/globalcaredevelopment.com\/wp-content\/uploads\/2023\/09\/pexels-andrea-piacquadio-920382-1024x683.jpg 1024w, https:\/\/globalcaredevelopment.com\/wp-content\/uploads\/2023\/09\/pexels-andrea-piacquadio-920382-768x512.jpg 768w\" data-sizes=\"(max-width: 1279px) 100vw, 1279px\" src=\"data:image\/svg+xml;base64,PHN2ZyB3aWR0aD0iMSIgaGVpZ2h0PSIxIiB4bWxucz0iaHR0cDovL3d3dy53My5vcmcvMjAwMC9zdmciPjwvc3ZnPg==\" style=\"--smush-placeholder-width: 1279px; --smush-placeholder-aspect-ratio: 1279\/853;\" \/><\/div>\n\t\t<\/a>\n\t\t\t\t<div class=\"elementor-post__text\">\n\t\t\t\t<h3 class=\"elementor-post__title\">\n\t\t\t<a href=\"https:\/\/globalcaredevelopment.com\/no\/post-example-2\/\" >\n\t\t\t\tThree Crucial Factors for Creating an Effective Mental Health App\t\t\t<\/a>\n\t\t<\/h3>\n\t\t\t\t<div class=\"elementor-post__meta-data\">\n\t\t\t\t\t<span class=\"elementor-post-date\">\n\t\t\toktober 5, 2023\t\t<\/span>\n\t\t\t\t<span class=\"elementor-post-avatar\">\n\t\t\tIngen kommentarer\t\t<\/span>\n\t\t\t\t<\/div>\n\t\t\t\t<div class=\"elementor-post__excerpt\">\n\t\t\t<p>Mental health apps have become increasingly popular as more people seek accessible<\/p>\n\t\t<\/div>\n\t\t\n\t\t<a class=\"elementor-post__read-more\" href=\"https:\/\/globalcaredevelopment.com\/no\/post-example-2\/\" aria-label=\"Read more about Three Crucial Factors for Creating an Effective Mental Health App\" tabindex=\"-1\" >\n\t\t\tLes mer\t\t<\/a>\n\n\t\t\t\t<\/div>\n\t\t\t\t<\/article>\n\t\t\t\t<article class=\"elementor-post elementor-grid-item post-869 post type-post status-publish format-standard has-post-thumbnail hentry category-uncategorized-no entry has-media\" role=\"listitem\">\n\t\t\t\t<a class=\"elementor-post__thumbnail__link\" href=\"https:\/\/globalcaredevelopment.com\/no\/psychvalue\/\" tabindex=\"-1\" >\n\t\t\t<div class=\"elementor-post__thumbnail\"><img decoding=\"async\" width=\"950\" height=\"892\" data-src=\"https:\/\/globalcaredevelopment.com\/wp-content\/uploads\/2023\/09\/Screenshot-2023-10-08-at-12.16.08.png\" class=\"attachment-full size-full wp-image-1006 lazyload\" alt=\"\" data-srcset=\"https:\/\/globalcaredevelopment.com\/wp-content\/uploads\/2023\/09\/Screenshot-2023-10-08-at-12.16.08.png 950w, https:\/\/globalcaredevelopment.com\/wp-content\/uploads\/2023\/09\/Screenshot-2023-10-08-at-12.16.08-300x282.png 300w, https:\/\/globalcaredevelopment.com\/wp-content\/uploads\/2023\/09\/Screenshot-2023-10-08-at-12.16.08-768x721.png 768w\" data-sizes=\"(max-width: 950px) 100vw, 950px\" src=\"data:image\/svg+xml;base64,PHN2ZyB3aWR0aD0iMSIgaGVpZ2h0PSIxIiB4bWxucz0iaHR0cDovL3d3dy53My5vcmcvMjAwMC9zdmciPjwvc3ZnPg==\" style=\"--smush-placeholder-width: 950px; --smush-placeholder-aspect-ratio: 950\/892;\" \/><\/div>\n\t\t<\/a>\n\t\t\t\t<div class=\"elementor-post__text\">\n\t\t\t\t<h3 class=\"elementor-post__title\">\n\t\t\t<a href=\"https:\/\/globalcaredevelopment.com\/no\/psychvalue\/\" >\n\t\t\t\tA working tool isn\u2019t enough\t\t\t<\/a>\n\t\t<\/h3>\n\t\t\t\t<div class=\"elementor-post__meta-data\">\n\t\t\t\t\t<span class=\"elementor-post-date\">\n\t\t\toktober 1, 2023\t\t<\/span>\n\t\t\t\t<span class=\"elementor-post-avatar\">\n\t\t\tIngen kommentarer\t\t<\/span>\n\t\t\t\t<\/div>\n\t\t\t\t<div class=\"elementor-post__excerpt\">\n\t\t\t<p>A huge challenge within digital psychological tools is the delicate balance between<\/p>\n\t\t<\/div>\n\t\t\n\t\t<a class=\"elementor-post__read-more\" href=\"https:\/\/globalcaredevelopment.com\/no\/psychvalue\/\" aria-label=\"Read more about A working tool isn\u2019t enough\" tabindex=\"-1\" >\n\t\t\tLes mer\t\t<\/a>\n\n\t\t\t\t<\/div>\n\t\t\t\t<\/article>\n\t\t\t\t<article class=\"elementor-post elementor-grid-item post-855 post type-post status-publish format-standard has-post-thumbnail hentry category-featured-no entry has-media\" role=\"listitem\">\n\t\t\t\t<a class=\"elementor-post__thumbnail__link\" href=\"https:\/\/globalcaredevelopment.com\/no\/announcement\/\" tabindex=\"-1\" >\n\t\t\t<div class=\"elementor-post__thumbnail\"><img decoding=\"async\" width=\"1344\" height=\"896\" data-src=\"https:\/\/globalcaredevelopment.com\/wp-content\/uploads\/2023\/09\/brennstromconsult_19358_A_mental_health_app_development_company_8de22d5f-936b-4d2d-b20b-e7c562a95ced-1.png\" class=\"attachment-full size-full wp-image-821 lazyload\" alt=\"\" data-srcset=\"https:\/\/globalcaredevelopment.com\/wp-content\/uploads\/2023\/09\/brennstromconsult_19358_A_mental_health_app_development_company_8de22d5f-936b-4d2d-b20b-e7c562a95ced-1.png 1344w, https:\/\/globalcaredevelopment.com\/wp-content\/uploads\/2023\/09\/brennstromconsult_19358_A_mental_health_app_development_company_8de22d5f-936b-4d2d-b20b-e7c562a95ced-1-300x200.png 300w, https:\/\/globalcaredevelopment.com\/wp-content\/uploads\/2023\/09\/brennstromconsult_19358_A_mental_health_app_development_company_8de22d5f-936b-4d2d-b20b-e7c562a95ced-1-1024x683.png 1024w, https:\/\/globalcaredevelopment.com\/wp-content\/uploads\/2023\/09\/brennstromconsult_19358_A_mental_health_app_development_company_8de22d5f-936b-4d2d-b20b-e7c562a95ced-1-768x512.png 768w, https:\/\/globalcaredevelopment.com\/wp-content\/uploads\/2023\/09\/brennstromconsult_19358_A_mental_health_app_development_company_8de22d5f-936b-4d2d-b20b-e7c562a95ced-1-600x400.png 600w\" data-sizes=\"(max-width: 1344px) 100vw, 1344px\" src=\"data:image\/svg+xml;base64,PHN2ZyB3aWR0aD0iMSIgaGVpZ2h0PSIxIiB4bWxucz0iaHR0cDovL3d3dy53My5vcmcvMjAwMC9zdmciPjwvc3ZnPg==\" style=\"--smush-placeholder-width: 1344px; --smush-placeholder-aspect-ratio: 1344\/896;\" \/><\/div>\n\t\t<\/a>\n\t\t\t\t<div class=\"elementor-post__text\">\n\t\t\t\t<h3 class=\"elementor-post__title\">\n\t\t\t<a href=\"https:\/\/globalcaredevelopment.com\/no\/announcement\/\" >\n\t\t\t\tKunngj\u00f8ring\t\t\t<\/a>\n\t\t<\/h3>\n\t\t\t\t<div class=\"elementor-post__meta-data\">\n\t\t\t\t\t<span class=\"elementor-post-date\">\n\t\t\tseptember 22, 2023\t\t<\/span>\n\t\t\t\t<span class=\"elementor-post-avatar\">\n\t\t\tIngen kommentarer\t\t<\/span>\n\t\t\t\t<\/div>\n\t\t\t\t<div class=\"elementor-post__excerpt\">\n\t\t\t<p>I dag er vi glade for \u00e5 kunngj\u00f8re etableringen av v\u00e5rt innovative<\/p>\n\t\t<\/div>\n\t\t\n\t\t<a class=\"elementor-post__read-more\" href=\"https:\/\/globalcaredevelopment.com\/no\/announcement\/\" aria-label=\"Read more about Kunngj\u00f8ring\" tabindex=\"-1\" >\n\t\t\tLes mer\t\t<\/a>\n\n\t\t\t\t<\/div>\n\t\t\t\t<\/article>\n\t\t\t\t<article class=\"elementor-post elementor-grid-item post-876 post type-post status-publish format-standard has-post-thumbnail hentry category-uncategorized-no entry has-media\" role=\"listitem\">\n\t\t\t\t<a class=\"elementor-post__thumbnail__link\" href=\"https:\/\/globalcaredevelopment.com\/no\/post-example-1\/\" tabindex=\"-1\" >\n\t\t\t<div class=\"elementor-post__thumbnail\"><img decoding=\"async\" width=\"1920\" height=\"1080\" data-src=\"https:\/\/globalcaredevelopment.com\/wp-content\/uploads\/2023\/09\/Meeting.jpg\" class=\"attachment-full size-full wp-image-751 lazyload\" alt=\"\" data-srcset=\"https:\/\/globalcaredevelopment.com\/wp-content\/uploads\/2023\/09\/Meeting.jpg 1920w, https:\/\/globalcaredevelopment.com\/wp-content\/uploads\/2023\/09\/Meeting-600x338.jpg 600w, https:\/\/globalcaredevelopment.com\/wp-content\/uploads\/2023\/09\/Meeting-300x169.jpg 300w, https:\/\/globalcaredevelopment.com\/wp-content\/uploads\/2023\/09\/Meeting-1024x576.jpg 1024w, https:\/\/globalcaredevelopment.com\/wp-content\/uploads\/2023\/09\/Meeting-768x432.jpg 768w, https:\/\/globalcaredevelopment.com\/wp-content\/uploads\/2023\/09\/Meeting-1536x864.jpg 1536w, https:\/\/globalcaredevelopment.com\/wp-content\/uploads\/2023\/09\/Meeting-800x450.jpg 800w\" data-sizes=\"(max-width: 1920px) 100vw, 1920px\" src=\"data:image\/svg+xml;base64,PHN2ZyB3aWR0aD0iMSIgaGVpZ2h0PSIxIiB4bWxucz0iaHR0cDovL3d3dy53My5vcmcvMjAwMC9zdmciPjwvc3ZnPg==\" style=\"--smush-placeholder-width: 1920px; --smush-placeholder-aspect-ratio: 1920\/1080;\" \/><\/div>\n\t\t<\/a>\n\t\t\t\t<div class=\"elementor-post__text\">\n\t\t\t\t<h3 class=\"elementor-post__title\">\n\t\t\t<a href=\"https:\/\/globalcaredevelopment.com\/no\/post-example-1\/\" >\n\t\t\t\tPost Example# 1\t\t\t<\/a>\n\t\t<\/h3>\n\t\t\t\t<div class=\"elementor-post__meta-data\">\n\t\t\t\t\t<span class=\"elementor-post-date\">\n\t\t\tseptember 10, 2023\t\t<\/span>\n\t\t\t\t<span class=\"elementor-post-avatar\">\n\t\t\tIngen kommentarer\t\t<\/span>\n\t\t\t\t<\/div>\n\t\t\t\t<div class=\"elementor-post__excerpt\">\n\t\t\t<p>Lorem Ipsum\u00a0is simply dummy text of the printing and typesetting industry. Lorem<\/p>\n\t\t<\/div>\n\t\t\n\t\t<a class=\"elementor-post__read-more\" href=\"https:\/\/globalcaredevelopment.com\/no\/post-example-1\/\" aria-label=\"Read more about Post Example# 1\" tabindex=\"-1\" >\n\t\t\tLes mer\t\t<\/a>\n\n\t\t\t\t<\/div>\n\t\t\t\t<\/article>\n\t\t\t\t<\/div>\n\t\t\n\t\t\t\t\t\t<\/div>\n\t\t\t\t<\/div>\n\t\t\t\t\t<\/div>\n\t\t<\/div>\n\t\t\t\t\t<\/div>\n\t\t<\/section>\n\t\t\t\t\t<\/div>\n\t\t<\/div>\n\t\t\t\t\t<\/div>\n\t\t<\/section>\n\t\t\t\t<\/div>\n\t\t","protected":false},"excerpt":{"rendered":"<p>Blogger Nyheter og innsikt V\u00e5rt produkt<\/p>\n","protected":false},"author":1,"featured_media":0,"parent":0,"menu_order":0,"comment_status":"closed","ping_status":"closed","template":"elementor_header_footer","meta":{"footnotes":""},"class_list":["post-866","page","type-page","status-publish","hentry","entry","has-media"],"_links":{"self":[{"href":"https:\/\/globalcaredevelopment.com\/no\/wp-json\/wp\/v2\/pages\/866","targetHints":{"allow":["GET"]}}],"collection":[{"href":"https:\/\/globalcaredevelopment.com\/no\/wp-json\/wp\/v2\/pages"}],"about":[{"href":"https:\/\/globalcaredevelopment.com\/no\/wp-json\/wp\/v2\/types\/page"}],"author":[{"embeddable":true,"href":"https:\/\/globalcaredevelopment.com\/no\/wp-json\/wp\/v2\/users\/1"}],"replies":[{"embeddable":true,"href":"https:\/\/globalcaredevelopment.com\/no\/wp-json\/wp\/v2\/comments?post=866"}],"version-history":[{"count":6,"href":"https:\/\/globalcaredevelopment.com\/no\/wp-json\/wp\/v2\/pages\/866\/revisions"}],"predecessor-version":[{"id":1439,"href":"https:\/\/globalcaredevelopment.com\/no\/wp-json\/wp\/v2\/pages\/866\/revisions\/1439"}],"wp:attachment":[{"href":"https:\/\/globalcaredevelopment.com\/no\/wp-json\/wp\/v2\/media?parent=866"}],"curies":[{"name":"wp","href":"https:\/\/api.w.org\/{rel}","templated":true}]}}